{"id":11,"date":"2013-04-03T19:46:50","date_gmt":"2013-04-03T17:46:50","guid":{"rendered":"http:\/\/www.nsu-nebenklage.de\/en\/?page_id=11"},"modified":"2019-11-20T13:43:17","modified_gmt":"2019-11-20T12:43:17","slug":"imprint","status":"publish","type":"page","link":"https:\/\/www.nsu-nebenklage.de\/en\/imprint\/","title":{"rendered":"Imprint"},"content":{"rendered":"<p><strong>Imprint<\/strong><br \/>\nResponsible for the content of this page:<br \/>\nAlexander Hoffmann and Dr. Bj\u00f6rn Elberling, Attorneys at Law (Rechtsanw\u00e4lte)<br \/>\nStreet adress: D\u00e4nische Stra\u00dfe 15, 24103 Kiel, Germany<br \/>\nPhone: +49 &#8211; 431 \u2013 534 00 635<br \/>\nTelefax: +49 &#8211; 431 \u2013 545 9772<br \/>\nE-Mail: info@presserecht-bundesweit.de<\/p>\n","protected":false},"excerpt":{"rendered":"<p>Imprint Responsible for the content of this page: Alexander Hoffmann and Dr. Bj\u00f6rn Elberling, Attorneys at Law (Rechtsanw\u00e4lte) Street adress: D\u00e4nische Stra\u00dfe 15, 24103 Kiel, Germany Phone: +49 &#8211; 431 \u2013 534 00 635 Telefax: +49 &#8211; 431 \u2013 545 9772 E-Mail: info@presserecht-bundesweit.de<\/p>\n","protected":false},"author":1,"featured_media":0,"parent":0,"menu_order":10,"comment_status":"closed","ping_status":"closed","template":"","meta":{"footnotes":""},"class_list":["post-11","page","type-page","status-publish","hentry"],"_links":{"self":[{"href":"https:\/\/www.nsu-nebenklage.de\/en\/wp-json\/wp\/v2\/pages\/11","targetHints":{"allow":["GET"]}}],"collection":[{"href":"https:\/\/www.nsu-nebenklage.de\/en\/wp-json\/wp\/v2\/pages"}],"about":[{"href":"https:\/\/www.nsu-nebenklage.de\/en\/wp-json\/wp\/v2\/types\/page"}],"author":[{"embeddable":true,"href":"https:\/\/www.nsu-nebenklage.de\/en\/wp-json\/wp\/v2\/users\/1"}],"replies":[{"embeddable":true,"href":"https:\/\/www.nsu-nebenklage.de\/en\/wp-json\/wp\/v2\/comments?post=11"}],"version-history":[{"count":1,"href":"https:\/\/www.nsu-nebenklage.de\/en\/wp-json\/wp\/v2\/pages\/11\/revisions"}],"predecessor-version":[{"id":1650,"href":"https:\/\/www.nsu-nebenklage.de\/en\/wp-json\/wp\/v2\/pages\/11\/revisions\/1650"}],"wp:attachment":[{"href":"https:\/\/www.nsu-nebenklage.de\/en\/wp-json\/wp\/v2\/media?parent=11"}],"curies":[{"name":"wp","href":"https:\/\/api.w.org\/{rel}","templated":true}]}}