{"id":11,"date":"2013-04-03T20:01:36","date_gmt":"2013-04-03T18:01:36","guid":{"rendered":"http:\/\/www.nsu-nebenklage.de\/tr\/?page_id=11"},"modified":"2014-04-18T12:33:47","modified_gmt":"2014-04-18T10:33:47","slug":"uber-diesen-blog","status":"publish","type":"page","link":"https:\/\/www.nsu-nebenklage.de\/tr\/uber-diesen-blog\/","title":{"rendered":"Blog hakk\u0131nda"},"content":{"rendered":"<p>2011 sonbahar\u0131nda bir Neonazi \u00f6rg\u00fct\u00fcn\u00fcn ba\u015flan\u0131\u00e7ta tahayy\u00fcl etmesi g\u00fc\u00e7 olan bir cinayet serisinden sorumlu oldu\u011fu ortaya \u00e7\u0131kt\u0131. Neredeyse 10 y\u0131l boyunca \u201cNasyonal Sosyalist Yeralt\u0131\u201dn\u0131n Nazileri, Almanya \u00e7ap\u0131nda \u00f6zellikle T\u00fcrkiye k\u00f6kenli ki\u015fileri vurarak \u00f6ld\u00fcrm\u00fc\u015f, a\u011f\u0131rl\u0131kla g\u00f6\u00e7menlerin oturdu\u011fu semtlerde en az iki bombal\u0131 sald\u0131r\u0131 d\u00fczenlemi\u015f ve \u00e7ok say\u0131da banka soygunu ger\u00e7ekle\u015ftirmi\u015flerdi. Polis ve ulusal istihbarat servisinin soru\u015fturmalar\u0131 bu cinayet serisini hi\u00e7 ayd\u0131nlatmad\u0131: Onlar \u201cD\u00f6ner Cinayetleri\u201d olarak tan\u0131mlad\u0131klar\u0131 su\u00e7lar\u0131n arkas\u0131nda organize \u201cT\u00fcrk su\u00e7lular\u201d oldu\u011funu tahmin ediyorlard\u0131. Cinayet serisinin ger\u00e7ekten a\u00e7\u0131kl\u0131\u011fa kavu\u015fturulmas\u0131 ancak, \u015fu an ba\u015f san\u0131k olan Beate Zsch\u00e4pe taraf\u0131ndan g\u00f6nderildi\u011fi tahmin edilen ve sonras\u0131nda su\u00e7 ortaklar\u0131ndan ikisinin (Uwe B\u00f6hnhardt ve Uwe Mundlos\u2019un) bir banka soygununun ard\u0131ndan \u00f6l\u00fc olarak bulunduklar\u0131 itiraf videolar\u0131 arac\u0131l\u0131\u011f\u0131yla ger\u00e7ekle\u015fti.<\/p>\n<p>Olaylar\u0131n a\u00e7\u0131\u011fa \u00e7\u0131kmas\u0131 bug\u00fcn hala tamamen sonlanmam\u0131\u015f olan bir skandala yol a\u00e7t\u0131. Polisin soru\u015fturma y\u00f6ntemleri, yap\u0131sal \u0131rk\u00e7\u0131l\u0131k ve Anayasay\u0131 Koruma Dairesi\u2019nin varl\u0131\u011f\u0131n\u0131n me\u015fruiyetine dair sorular giderek artt\u0131 ve bug\u00fcn hala yan\u0131tlanm\u0131\u015f de\u011filler.<\/p>\n<p>17 Nisan 2013\u2019te Beate Zsch\u00e4pe ve di\u011fer NSU-\u015f\u00fcphelilerine kar\u015f\u0131 esas duru\u015fma, M\u00fcnih Eyalet Y\u00fcksek Mahkemesi Devlet G\u00fcvenlik Senatosu\u2019nda ba\u015flad\u0131. Ard\u0131ndan ana duru\u015fman\u0131n y\u00fcr\u00fct\u00fclme \u015fekli ve \u00e7ok say\u0131da T\u00fcrk k\u00f6kenli ki\u015fi taraf\u0131ndan T\u00fcrk medyas\u0131n\u0131n devre d\u0131\u015f\u0131 b\u0131rak\u0131lmas\u0131 olarak g\u00f6r\u00fclen bir kabul s\u00fcreci hakk\u0131nda duygusal bir tart\u0131\u015fma ya\u015fand\u0131.<\/p>\n<p>Federal Savc\u0131l\u0131k\u2019\u0131n a\u00e7t\u0131\u011f\u0131 davaya \u015fu ana kadar say\u0131lar\u0131 70\u2019i bulan cinayet kurbanlar\u0131n\u0131n yak\u0131nlar\u0131 ve patlay\u0131c\u0131 sald\u0131r\u0131lar\u0131n kurbanlar\u0131, m\u00fcdahil davac\u0131lar olarak dahil oldu. Yakla\u015f\u0131k 50 avukat onlar\u0131 temsi edecek.<\/p>\n<p>Ana duru\u015fmada \u00f6ncelikli olan konu, Federal Ba\u015fsavc\u0131l\u0131k\u2019\u0131n san\u0131klar Beate Zsch\u00e4pe, Andr\u00e9 Eminger, Holger Gerlach, Ralf Wohlleben ve Carsten Schulze\u2019ye y\u00f6nelik iddialar\u0131n\u0131n kan\u0131tlan\u0131p kan\u0131tlanmayaca\u011f\u0131. Bu duru\u015fman\u0131n Avrupa \u00e7ap\u0131nda olmasa bile \u00fclke \u00e7ap\u0131nda medya g\u00fcndeminin merkezinde yer almas\u0131 bekleniyor. Ama yine de bas\u0131nda \u00e7\u0131kan pek \u00e7ok haberin olaylar\u0131 ayd\u0131nlatmak yerine skandal yaratt\u0131\u011f\u0131n\u0131 deneyimledik. Olaylarla yak\u0131ndan ilgilenenler i\u00e7in bile farkl\u0131 haberler arac\u0131l\u0131\u011f\u0131yla genel bir bak\u0131\u015f sa\u011flamak \u00e7o\u011funlukla zor. Bu sebepten dolay\u0131 blogumuzla dava s\u00fcrecini m\u00fcdahil davac\u0131lar\u0131n bak\u0131\u015f a\u00e7\u0131s\u0131ndan anlatmay\u0131 ve bunu m\u00fcmk\u00fcnse g\u00fcn g\u00fcn, hafta hafta yapmay\u0131 istiyoruz.<\/p>\n<p>M\u00fcdahil dava temsilcileri olarak cinayet sald\u0131r\u0131lar\u0131n\u0131n kurbanlar\u0131n\u0131n \u00e7\u0131karlar\u0131n\u0131 temsil ediyoruz. Bunun her zaman Savc\u0131l\u0131k\u2019\u0131n san\u0131klara kendi iddialar\u0131na y\u00f6nelik h\u00fck\u00fcm giydirme amac\u0131yla \u00f6rt\u00fc\u015fmesi gerekmiyor. Ceza takibi g\u00f6revlilerinin ba\u015far\u0131s\u0131zl\u0131\u011f\u0131, kurban ailelerine y\u00f6nelik soru\u015fturmalar ve sorumlu devlet dairelerinde a\u00e7\u0131k\u00e7a mevcut olan yap\u0131sal \u0131rk\u00e7\u0131l\u0131k, m\u00fcvekkillerimize g\u00f6re NSU cinayetlerinin ceza hukuku a\u00e7\u0131s\u0131ndan i\u015flenmesinin de bir par\u00e7as\u0131 olmak zorunda. Emniyet dairelerinden muhbirler, katillerin \u00e7evresinde ger\u00e7ekten de faaliyet g\u00f6sterip hatta onlar\u0131 destekledilerse bu konular\u0131n g\u00fcndeme getirilmesi gerekiyor.<\/p>\n<p>Duru\u015fman\u0131n ak\u0131\u015f\u0131n\u0131, delil toplama s\u00fcrecinin aktar\u0131lmas\u0131n\u0131 ve farkl\u0131 m\u00fcdahil dava avukatlar\u0131n\u0131n \u00e7abalar\u0131n\u0131 olabildi\u011fince t\u00fcm okurlar i\u00e7in anlatmaya \u00e7al\u0131\u015faca\u011f\u0131z. Bu a\u00e7\u0131dan da kendimizi NSU cinayeti kurbanlar\u0131n\u0131n, kurban rol\u00fcnden \u00e7\u0131k\u0131p su\u00e7lar\u0131n a\u00e7\u0131kl\u0131\u011fa kavu\u015fturulmas\u0131nda faal olarak g\u00f6rev almalar\u0131n\u0131 sa\u011flama sava\u015flar\u0131n\u0131n bir par\u00e7as\u0131 olarak g\u00f6r\u00fcyoruz. \u015eu anki san\u0131klar\u0131n d\u0131\u015f\u0131nda kimlerin NSU \u00f6rg\u00fct\u00fcn\u00fc desteklemi\u015f oldu\u011fu, \u00fclke \u00e7ap\u0131nda ba\u015fka ki\u015filerin cinayetlerin planlanmas\u0131 veya ger\u00e7ekle\u015fmesinde g\u00f6rev al\u0131p almad\u0131klar\u0131 ve katillerin nas\u0131l bir organizasyon yap\u0131s\u0131na ba\u011fl\u0131 olduklar\u0131 sorular\u0131 da buna dahil.<\/p>\n<p>&nbsp;<\/p>\n","protected":false},"excerpt":{"rendered":"<p>2011 sonbahar\u0131nda bir Neonazi \u00f6rg\u00fct\u00fcn\u00fcn ba\u015flan\u0131\u00e7ta tahayy\u00fcl etmesi g\u00fc\u00e7 olan bir cinayet serisinden sorumlu oldu\u011fu ortaya \u00e7\u0131kt\u0131. Neredeyse 10 y\u0131l boyunca \u201cNasyonal Sosyalist Yeralt\u0131\u201dn\u0131n Nazileri, Almanya \u00e7ap\u0131nda \u00f6zellikle T\u00fcrkiye k\u00f6kenli ki\u015fileri vurarak \u00f6ld\u00fcrm\u00fc\u015f, a\u011f\u0131rl\u0131kla g\u00f6\u00e7menlerin oturdu\u011fu semtlerde en az iki bombal\u0131 sald\u0131r\u0131 d\u00fczenlemi\u015f ve \u00e7ok say\u0131da banka soygunu ger\u00e7ekle\u015ftirmi\u015flerdi. Polis ve ulusal istihbarat servisinin soru\u015fturmalar\u0131 [&hellip;]<\/p>\n","protected":false},"author":1,"featured_media":0,"parent":0,"menu_order":1,"comment_status":"closed","ping_status":"closed","template":"","meta":{"_s2mail":"","footnotes":""},"class_list":["post-11","page","type-page","status-publish","hentry"],"_links":{"self":[{"href":"https:\/\/www.nsu-nebenklage.de\/tr\/wp-json\/wp\/v2\/pages\/11","targetHints":{"allow":["GET"]}}],"collection":[{"href":"https:\/\/www.nsu-nebenklage.de\/tr\/wp-json\/wp\/v2\/pages"}],"about":[{"href":"https:\/\/www.nsu-nebenklage.de\/tr\/wp-json\/wp\/v2\/types\/page"}],"author":[{"embeddable":true,"href":"https:\/\/www.nsu-nebenklage.de\/tr\/wp-json\/wp\/v2\/users\/1"}],"replies":[{"embeddable":true,"href":"https:\/\/www.nsu-nebenklage.de\/tr\/wp-json\/wp\/v2\/comments?post=11"}],"version-history":[{"count":0,"href":"https:\/\/www.nsu-nebenklage.de\/tr\/wp-json\/wp\/v2\/pages\/11\/revisions"}],"wp:attachment":[{"href":"https:\/\/www.nsu-nebenklage.de\/tr\/wp-json\/wp\/v2\/media?parent=11"}],"curies":[{"name":"wp","href":"https:\/\/api.w.org\/{rel}","templated":true}]}}