{"id":24,"date":"2013-04-05T01:05:33","date_gmt":"2013-04-04T23:05:33","guid":{"rendered":"http:\/\/www.nsu-nebenklage.de\/tr\/?page_id=24"},"modified":"2015-04-12T22:49:21","modified_gmt":"2015-04-12T20:49:21","slug":"links-3","status":"publish","type":"page","link":"https:\/\/www.nsu-nebenklage.de\/tr\/links-3\/","title":{"rendered":"BA\u011eLANTILAR"},"content":{"rendered":"<p><a href=\"http:\/\/www.nsu-watch.info\" target=\"_blank\"><strong>NSU Watch<\/strong><\/a><\/p>\n<p>NSU Watchblog\u2019u yay\u0131nlayan ve edit\u00f6rl\u00fc\u011f\u00fcn\u00fc y\u00fcr\u00fcten, <a href=\"http:\/\/www.apabiz.de\" target=\"_blank\">Antifa\u015fist Bas\u0131n Ar\u015fivi ve E\u011fitim Merkezi\u2019dir<\/a>.<\/p>\n<p>Hedefleri, \u201cNasyonal Sosyalist Yeralt\u0131\u201d (NSU) ter\u00f6r \u00f6rg\u00fct\u00fc ve i\u015fledi\u011fi \u0131rk\u00e7\u0131 cinayetlerle ilgili ba\u011f\u0131ms\u0131z ayd\u0131nlanma \u00e7abalar\u0131n\u0131 te\u015fvik etmektir. Apabiz, antifa\u015fist ara\u015ft\u0131rma ve yay\u0131n projelerinin bir araya geldi\u011fi, \u00fclke \u00e7ap\u0131nda ve ayn\u0131 zamanda uluslararas\u0131 bir a\u011fd\u0131r ve b\u00f6ylelikle aktif antifa\u015fist hareketin \u00f6nemli bir ar\u015fiv ve yay\u0131n organ\u0131 konumundad\u0131r.<\/p>\n<p><a href=\"http:\/\/youtu.be\/hY0TEQXTl2I\" target=\"_blank\">\u00dc\u00e7 dakikal\u0131k bu videoda<\/a>, NSU-watch\u2019un bu \u00e7al\u0131\u015fmay\u0131 ne ama\u00e7la y\u00fcr\u00fctt\u00fc\u011f\u00fc anlat\u0131l\u0131yor.<\/p>\n<p>&nbsp;<\/p>\n<p><strong><a href=\"http:\/\/keupstrasse-ist-ueberall.de\">Initiative \u201eKeupstra\u00dfe ist \u00fcberall\u201c<\/a>\u00a0 (\u201cHer yer Keupstra\u00dfe\u201d \u0130nisiyatifi)<\/strong><\/p>\n<p>\u0130nisiyatifin hedefi, Keupstra\u00dfe ma\u011fdurlar\u0131n\u0131 desteklemek ve birlikte \u0131rk\u00e7\u0131l\u0131k ve d\u0131\u015flamaya kar\u015f\u0131 \u00f6rnek te\u015fkil etmek, tan\u0131klar\u0131 cesaretlendirmek, san\u0131klara kar\u015f\u0131 durmak, M\u00fcnih\u2019teki duru\u015fmada Naziler ile toplumdaki, polisteki ve gizli servislerdeki destek\u00e7ilerinin ter\u00f6rize etme ve yabanc\u0131lar\u0131 \u00fclkeden uzakla\u015ft\u0131rma hedeflerine ula\u015famayacaklar\u0131n\u0131 g\u00f6stermek, Nazi sald\u0131r\u0131lar\u0131n\u0131n a\u00e7\u0131k bir toplum isteyen herkese y\u00f6nelik oldu\u011funu \u0131srarla a\u00e7\u0131kl\u0131\u011fa kavu\u015fturmak ve devlet yekililerinin yaral\u0131lar ve kurban yak\u0131nlar\u0131na \u00f6z\u00fcr sunup makul bir tazminat \u00f6demelerini sa\u011flamakt\u0131r.<\/p>\n<p>&nbsp;<\/p>\n<p><a href=\"http:\/\/goldendawnwatch.org\" target=\"_blank\"><strong>Golden Dawn Watch<\/strong><\/a><\/p>\n<p>Yunanistan&#8217;da fa\u015fist parti Chrys\u00ed Avg\u00ed&#8217;nin (Golden Dawn, Alt\u0131n \u015eafak) lider \u00fcyelerine kar\u015f\u0131 a\u00e7\u0131lan dava \u00f6n\u00fcm\u00fczdeki g\u00fcnlerde ba\u015fl\u0131yor. Yunanistan&#8217;dan anti-fa\u015fistler davay\u0131 takip edecekler.<\/p>\n","protected":false},"excerpt":{"rendered":"<p>NSU Watch NSU Watchblog\u2019u yay\u0131nlayan ve edit\u00f6rl\u00fc\u011f\u00fcn\u00fc y\u00fcr\u00fcten, Antifa\u015fist Bas\u0131n Ar\u015fivi ve E\u011fitim Merkezi\u2019dir. Hedefleri, \u201cNasyonal Sosyalist Yeralt\u0131\u201d (NSU) ter\u00f6r \u00f6rg\u00fct\u00fc ve i\u015fledi\u011fi \u0131rk\u00e7\u0131 cinayetlerle ilgili ba\u011f\u0131ms\u0131z ayd\u0131nlanma \u00e7abalar\u0131n\u0131 te\u015fvik etmektir. Apabiz, antifa\u015fist ara\u015ft\u0131rma ve yay\u0131n projelerinin bir araya geldi\u011fi, \u00fclke \u00e7ap\u0131nda ve ayn\u0131 zamanda uluslararas\u0131 bir a\u011fd\u0131r ve b\u00f6ylelikle aktif antifa\u015fist hareketin \u00f6nemli bir [&hellip;]<\/p>\n","protected":false},"author":1,"featured_media":0,"parent":0,"menu_order":6,"comment_status":"closed","ping_status":"closed","template":"","meta":{"_s2mail":"yes","footnotes":""},"class_list":["post-24","page","type-page","status-publish","hentry"],"_links":{"self":[{"href":"https:\/\/www.nsu-nebenklage.de\/tr\/wp-json\/wp\/v2\/pages\/24","targetHints":{"allow":["GET"]}}],"collection":[{"href":"https:\/\/www.nsu-nebenklage.de\/tr\/wp-json\/wp\/v2\/pages"}],"about":[{"href":"https:\/\/www.nsu-nebenklage.de\/tr\/wp-json\/wp\/v2\/types\/page"}],"author":[{"embeddable":true,"href":"https:\/\/www.nsu-nebenklage.de\/tr\/wp-json\/wp\/v2\/users\/1"}],"replies":[{"embeddable":true,"href":"https:\/\/www.nsu-nebenklage.de\/tr\/wp-json\/wp\/v2\/comments?post=24"}],"version-history":[{"count":2,"href":"https:\/\/www.nsu-nebenklage.de\/tr\/wp-json\/wp\/v2\/pages\/24\/revisions"}],"predecessor-version":[{"id":860,"href":"https:\/\/www.nsu-nebenklage.de\/tr\/wp-json\/wp\/v2\/pages\/24\/revisions\/860"}],"wp:attachment":[{"href":"https:\/\/www.nsu-nebenklage.de\/tr\/wp-json\/wp\/v2\/media?parent=24"}],"curies":[{"name":"wp","href":"https:\/\/api.w.org\/{rel}","templated":true}]}}