{"id":7,"date":"2013-04-03T19:47:10","date_gmt":"2013-04-03T17:47:10","guid":{"rendered":"http:\/\/www.nsu-nebenklage.de\/tr\/?page_id=7"},"modified":"2014-01-18T17:58:05","modified_gmt":"2014-01-18T16:58:05","slug":"impressum-tr","status":"publish","type":"page","link":"https:\/\/www.nsu-nebenklage.de\/tr\/impressum-tr\/","title":{"rendered":"K\u00dcNYE\/\u0130LET\u0130\u015e\u0130M"},"content":{"rendered":"<p><strong>Impressum<\/strong><br \/>\nVerantwortliche Personen:<br \/>\nRechtsanwalt Alexander Hoffmann und Rechtsanwalt Dr. Bj\u00f6rn Elberling<br \/>\nAdresse: Eichhofstra\u00dfe 14, 24116 Kiel<br \/>\nTel.: 0431 \u2013 534 00 635<br \/>\nFax: 0431 \u2013 545 9772<br \/>\nE-Mail: info@presserecht-bundesweit.de<\/p>\n<p>Gesetzliche Berufsbezeichnung und Zulassung:<br \/>\nBeide Rechtsanw\u00e4lte tragen die in der Bundesrepublik Deutschland verliehene Berufsbezeichnung \u201cRechtsanwalt\u201d und sind Mitglieder der Schleswig-Holsteinischen Rechtsanwaltskammer.<\/p>\n<p>Schleswig-Holsteinische Rechtsanwaltskammer:<br \/>\nGottorfstra\u00dfe 13<br \/>\n24837 Schleswig<br \/>\nTel.: 04621 \u2013 939 10<br \/>\nFax: 04621 \u2013 939 126<br \/>\nE-Mail: info@rak-sh.de<br \/>\nWeb: www.rak-sh.de<\/p>\n<p>Berufsrechtliche Regelungen:<br \/>\nDie berufsrechtlichen Regelungen (im folgenden aufgef\u00fchrt) f\u00fcr die in Deutschland niedergelassenen Rechtsanw\u00e4ltinnen und Rechtsanw\u00e4lte sind unter www.brak.de bei der Bundesrechtsanwaltskammer abrufbar (\u201cInformationspflichten gem\u00e4\u00df \u00a7 6 TDG\u201d).<br \/>\nEs gelten folgende Geb\u00fchren- und Berufsordnungen:<br \/>\nBRAO \u2013 Bundesrechtsanwaltsordnung<br \/>\nBORA \u2013 Berufsordnung f\u00fcr Rechtsanw\u00e4lte<br \/>\nFAO \u2013 Fachanwaltsordnung<br \/>\nRVG \u2013 Rechtsanwaltsverg\u00fctungsgesetz<br \/>\nBerHG \u2013 Beratungshilfegesetz<br \/>\nStGB \u2013 Strafgesetzbuch<br \/>\nGwG \u2013 Geldw\u00e4schegesetz<br \/>\nEuRaG \u2013 Gesetz \u00fcber die T\u00e4tigkeit europ\u00e4ischer Rechtsanw\u00e4lte in Deutschland<br \/>\nPartGG \u2013 Partnerschaftsgesellschaftsgesetz<br \/>\nEWIVAG \u2013 EWIV Ausf\u00fchrungsgesetz<br \/>\nRBerG \u2013 Rechtsberatungsgesetz<br \/>\n1RBerGAV \u2013 Erste Verordnung zur Ausf\u00fchrung des Rechtsberatungsgesetzes<br \/>\n2RBerGAV \u2013 Zweite Verordnung zur Ausf\u00fchrung des Rechtsberatungsgesetzes<\/p>\n<p>Umsatzsteuer-Identifikationsnummern:<br \/>\nDE204895513 (RA Hoffmann)<br \/>\nDE271331928 (RA Dr. Elberling)<\/p>\n<p>Haftpflichtversicherung:<br \/>\nRechtsanw\u00e4ltinnen und Rechtsanw\u00e4lte sind aufgrund der Bundesrechtsanwaltsordnung verpflichtet, eine Berufshaftpflichtversicherung mit einer Mindestversicherungssumme von 250.000 Euro zu unterhalten. Die Einzelheiten ergeben sich aus \u00a7 51 BRAO.<br \/>\nBeide Rechtsanw\u00e4lte haben eine solche Versicherung abgeschlossen bei der<br \/>\nERGO Versicherung AG<br \/>\n40198 D\u00fcsseldorf<\/p>\n","protected":false},"excerpt":{"rendered":"<p>Impressum Verantwortliche Personen: Rechtsanwalt Alexander Hoffmann und Rechtsanwalt Dr. Bj\u00f6rn Elberling Adresse: Eichhofstra\u00dfe 14, 24116 Kiel Tel.: 0431 \u2013 534 00 635 Fax: 0431 \u2013 545 9772 E-Mail: info@presserecht-bundesweit.de Gesetzliche Berufsbezeichnung und Zulassung: Beide Rechtsanw\u00e4lte tragen die in der Bundesrepublik Deutschland verliehene Berufsbezeichnung \u201cRechtsanwalt\u201d und sind Mitglieder der Schleswig-Holsteinischen Rechtsanwaltskammer. Schleswig-Holsteinische Rechtsanwaltskammer: Gottorfstra\u00dfe 13 24837 [&hellip;]<\/p>\n","protected":false},"author":1,"featured_media":0,"parent":0,"menu_order":10,"comment_status":"closed","ping_status":"closed","template":"","meta":{"_s2mail":"","footnotes":""},"class_list":["post-7","page","type-page","status-publish","hentry"],"_links":{"self":[{"href":"https:\/\/www.nsu-nebenklage.de\/tr\/wp-json\/wp\/v2\/pages\/7","targetHints":{"allow":["GET"]}}],"collection":[{"href":"https:\/\/www.nsu-nebenklage.de\/tr\/wp-json\/wp\/v2\/pages"}],"about":[{"href":"https:\/\/www.nsu-nebenklage.de\/tr\/wp-json\/wp\/v2\/types\/page"}],"author":[{"embeddable":true,"href":"https:\/\/www.nsu-nebenklage.de\/tr\/wp-json\/wp\/v2\/users\/1"}],"replies":[{"embeddable":true,"href":"https:\/\/www.nsu-nebenklage.de\/tr\/wp-json\/wp\/v2\/comments?post=7"}],"version-history":[{"count":0,"href":"https:\/\/www.nsu-nebenklage.de\/tr\/wp-json\/wp\/v2\/pages\/7\/revisions"}],"wp:attachment":[{"href":"https:\/\/www.nsu-nebenklage.de\/tr\/wp-json\/wp\/v2\/media?parent=7"}],"curies":[{"name":"wp","href":"https:\/\/api.w.org\/{rel}","templated":true}]}}