{"id":9,"date":"2013-04-03T20:00:46","date_gmt":"2013-04-03T18:00:46","guid":{"rendered":"http:\/\/www.nsu-nebenklage.de\/tr\/?page_id=9"},"modified":"2014-04-24T17:13:41","modified_gmt":"2014-04-24T15:13:41","slug":"uber-die-autoren-tr","status":"publish","type":"page","link":"https:\/\/www.nsu-nebenklage.de\/tr\/uber-die-autoren-tr\/","title":{"rendered":"YAZARLAR \u00dcZER\u0130NE"},"content":{"rendered":"<p>Avukat <strong>Alexander Hoffmann<\/strong> 1998 y\u0131l\u0131ndan bu yana Kiel\u2019de a\u011f\u0131rl\u0131kl\u0131 olarak ceza hukuku alan\u0131nda \u00e7al\u0131\u015f\u0131yor. Kiel\u2019de hukuk e\u011fitimini tamamlad\u0131ktan sonra \u00f6ncelikle Kiel Christian-Albrechts-\u00dcniversitesi\u2019nde Ceza Hukuku, Ceza Muhakemeleri Hukuku ve Tecziye Hukuku k\u00fcrs\u00fcs\u00fcnde Prof. Horn\u2019un yan\u0131nda bilimsel personel olarak g\u00f6rev yapm\u0131\u015ft\u0131r. Baroya kay\u0131tl\u0131 olmakla birlikte ceza hukuku avukat\u0131 \u00a0\u00a0<a href=\"http:\/\/www.gubitz-kiel.de\" target=\"_blank\">Prof. Dr. Michael Gubitz<\/a>\u00a0ile hukuk b\u00fcrosunu payla\u015farak serbest avukatl\u0131k yapmaya ba\u015flam\u0131\u015ft\u0131r. A\u011f\u0131rl\u0131kl\u0131 olarak ceza hukuku ve g\u00f6\u00e7menler hukuku alanlar\u0131nda s\u00fcrd\u00fcrd\u00fc\u011f\u00fc \u00e7al\u0131\u015fmalar\u0131n\u0131n yan\u0131 s\u0131ra k\u0131sa s\u00fcre i\u00e7erisinde bas\u0131n ve medya hukuku alanlar\u0131ndaki ilk dava vekilliklerini de \u00fcstlenmi\u015ftir. Avukat Hoffman\u2019\u0131n\u00a0<a href=\"http:\/\/www.anwalthoffmann.de\" target=\"_blank\">www.anwalthoffmann.de<\/a>\u00a0isimli internet sitesinde farkl\u0131 alanlarda kazand\u0131\u011f\u0131 \u00e7ok say\u0131daki davan\u0131n belgelerini bulabilirsiniz.<\/p>\n<p>Avukat <strong>Dr. Bj\u00f6rn Elberling<\/strong> Kiel\u00b4de hukuk okumu\u015f ve Schleswig\u2019de ilk devlet s\u0131nav\u0131n\u0131 vererek mezun olmu\u015ftur. Ard\u0131ndan Walther-Sch\u00fccking-Enstit\u00fcs\u00fc\u2019nde Uluslaras\u0131 Hukuk alan\u0131nda bilimsel personel olarak g\u00f6rev yapm\u0131\u015ft\u0131r. Hamburg\u00b4da avukatl\u0131k staj\u0131n\u0131 (di\u011fer b\u00f6l\u00fcmlerin yan\u0131 s\u0131ra Hansa Eyalet Y\u00fcksek Mahkemesi ve Den Haag\u00b4daki Yugoslavya Sava\u015f Su\u00e7lar\u0131 Mahkemesi\u2019nde) tamamlad\u0131ktan sonra 2010 tarihinde baroya kay\u0131t olarak avukat olarak \u00e7al\u0131\u015fmaya ba\u015flam\u0131\u015ft\u0131r. A\u011f\u0131rl\u0131kla bas\u0131n hukuku ve ceza hukuku alanlar\u0131nda faaldir ve ceza hukuku avukat\u0131 olarak \u00e7al\u0131\u015fmaktad\u0131r. Daha fazla bilgiyi\u00a0<a href=\"http:\/\/www.anwaltelberling.de\" target=\"_blank\">www.anwaltelberling.de<\/a>\u00a0ad\u0131 alt\u0131ndaki web sitesinde daha \u00e7ok bilgi edinebilirsiniz.<\/p>\n<p><img loading=\"lazy\" decoding=\"async\" class=\"alignleft\" src=\"http:\/\/www.nsu-nebenklage.de\/wp-content\/uploads\/2013\/04\/presserecht-signet-300x300.jpg\" alt=\"presserecht-signet\" width=\"85\" height=\"85\" \/><\/p>\n<p>Avukat <strong>Dr. Elberling<\/strong> ve avukat <strong>Hoffmann<\/strong> birlikte bas\u0131n hukuku alan\u0131nda \u00e7al\u0131\u015f\u0131yorlar. M\u00fcvekkilleri aras\u0131nda sendikac\u0131lar, aktiv antifa\u015fistler, siyasi dergiler, yay\u0131nc\u0131lar\u0131n yan\u0131 s\u0131ra politik ve sivil toplumsal alanlarda aktif di\u011fer kurum ve ki\u015filer var. Bu ortak \u00e7al\u0131\u015fma hakk\u0131ndadaha fazla bilgiyi\u00a0<a href=\"http:\/\/www.presserecht-bundesweit.de\" target=\"_blank\">www.presserecht-bund<\/a><a href=\"http:\/\/www.presserecht-bundesweit.de\" target=\"_blank\">esweit.de<\/a>\u00a0sitesinde bulabilirsiniz.<\/p>\n<p>Bu sayfadaki metinlerin T\u00fcrk\u00e7e \u00e7evirileri \u015eubat 2014 tarihinden bu yana <strong>Seda Ni\u011fbolu<\/strong> (K\u00fclt\u00fcr Gazetecisi, Berlin) taraf\u0131ndan yap\u0131lmaktad\u0131r. \u00c7eviriler, Aral\u0131k 2013 y\u0131l\u0131na kadar <strong>Meryem Tiras<\/strong> (Sosyal Pedagog, Kiel) taraf\u0131ndan yap\u0131lm\u0131\u015ft\u0131r.<\/p>\n","protected":false},"excerpt":{"rendered":"<p>Avukat Alexander Hoffmann 1998 y\u0131l\u0131ndan bu yana Kiel\u2019de a\u011f\u0131rl\u0131kl\u0131 olarak ceza hukuku alan\u0131nda \u00e7al\u0131\u015f\u0131yor. Kiel\u2019de hukuk e\u011fitimini tamamlad\u0131ktan sonra \u00f6ncelikle Kiel Christian-Albrechts-\u00dcniversitesi\u2019nde Ceza Hukuku, Ceza Muhakemeleri Hukuku ve Tecziye Hukuku k\u00fcrs\u00fcs\u00fcnde Prof. Horn\u2019un yan\u0131nda bilimsel personel olarak g\u00f6rev yapm\u0131\u015ft\u0131r. Baroya kay\u0131tl\u0131 olmakla birlikte ceza hukuku avukat\u0131 \u00a0\u00a0Prof. Dr. Michael Gubitz\u00a0ile hukuk b\u00fcrosunu payla\u015farak serbest avukatl\u0131k [&hellip;]<\/p>\n","protected":false},"author":1,"featured_media":0,"parent":0,"menu_order":5,"comment_status":"closed","ping_status":"closed","template":"","meta":{"_s2mail":"","footnotes":""},"class_list":["post-9","page","type-page","status-publish","hentry"],"_links":{"self":[{"href":"https:\/\/www.nsu-nebenklage.de\/tr\/wp-json\/wp\/v2\/pages\/9","targetHints":{"allow":["GET"]}}],"collection":[{"href":"https:\/\/www.nsu-nebenklage.de\/tr\/wp-json\/wp\/v2\/pages"}],"about":[{"href":"https:\/\/www.nsu-nebenklage.de\/tr\/wp-json\/wp\/v2\/types\/page"}],"author":[{"embeddable":true,"href":"https:\/\/www.nsu-nebenklage.de\/tr\/wp-json\/wp\/v2\/users\/1"}],"replies":[{"embeddable":true,"href":"https:\/\/www.nsu-nebenklage.de\/tr\/wp-json\/wp\/v2\/comments?post=9"}],"version-history":[{"count":0,"href":"https:\/\/www.nsu-nebenklage.de\/tr\/wp-json\/wp\/v2\/pages\/9\/revisions"}],"wp:attachment":[{"href":"https:\/\/www.nsu-nebenklage.de\/tr\/wp-json\/wp\/v2\/media?parent=9"}],"curies":[{"name":"wp","href":"https:\/\/api.w.org\/{rel}","templated":true}]}}